{"id":487,"date":"2017-09-12T23:21:32","date_gmt":"2017-09-12T20:21:32","guid":{"rendered":"https:\/\/kohvikfellin.ee\/?page_id=487\/"},"modified":"2024-05-31T14:13:32","modified_gmt":"2024-05-31T12:13:32","slug":"fellin","status":"publish","type":"page","link":"https:\/\/kohvikfellin.ee\/en\/","title":{"rendered":"Fellin"},"content":{"rendered":"<p>[vc_row css=&#8221;.vc_custom_1499680212633{padding-bottom: 0px !important;}&#8221; el_id=&#8221;meist&#8221;][vc_column width=&#8221;1\/4&#8243;][\/vc_column][vc_column width=&#8221;1\/2&#8243;]\n\t\t<div class=\"row  mb64 mb-xs-40\">\n\t\t    <div class=\"col-sm-12 text-center\">\n\t\t        <div class=\"ribbon\">\n\t\t            <h6 class=\"uppercase mb0\">About Us<\/h6>\n\t\t        <\/div>\n\t\t    <\/div>\n\t\t<\/div>\n\t[vc_column_text]FELLIN. is a caf\u00e9 and restaurant in the heart of Viljandi Old Town, which charms with cosy simplicity and finely wrought sophistication, and where families and couples, friends and relatives, gourmands and backpackers all feel right at home.<\/p>\n<p>Our kitchen offers carefully crafted tastes which combine the best local produce with inspiration from world cuisines. Our drinks\u2019 menu is characterised by selectively chosen wines, artisanal Estonian drinks and freshly roasted, organically grown Kokomo coffee. The Fellin family aims to make sure every visitor will feel at least a little happier when they step out of that blue door.<\/p>\n<p>In its already 10 years of successful existence, our caf\u00e9 has won significant recognition, including being chosen as one of Estonia\u2019s Top 50 Restaurants ever year from 2014 to 2017. Fellin was also chosen as a nominee for \u2018Regional Company of the Year\u2019 in 2013, and can be found on the on the list of Best Restaurants in the Baltics, chosen by The White Guide Nordic 2017-2023. In the spring of 2022 Michelin Guide attributed us with Michelin Bib Gourmand award which is a huge recognition for us and for our mission.[\/vc_column_text][vc_empty_space height=&#8221;60px&#8221;]\n\t\t<div class=\"row mb64 mb-xs-24\">\n\t\t    <div class=\"col-md-10 col-md-offset-1 text-center\">\n\t\t        <p class=\"alt-font mb8\">The Fellin menu is one of the most interesting in Estonia. Whenever I leave, I find myself wishing I had tried another dish or two. And so Fellin is one of main reasons for coming to visit Viljandi again and again.<\/p>\n\t\t        <span class=\"sub\">Aivar Hanson, Tastes of Estonia<\/span>\n\t\t    <\/div>\n\t\t<\/div>\n\t\n\t\t<div class=\"row mb64 mb-xs-24\">\n\t\t    <div class=\"col-md-10 col-md-offset-1 text-center\">\n\t\t        <p class=\"alt-font mb8\">Fellin is a delightful, intelligent and charming caf\u00e9, which adds something to Viljandi that would otherwise be lacking.<\/p>\n\t\t        <span class=\"sub\">Viivi Luik and Jaak J\u00f5er\u00fc\u00fct, writers<\/span>\n\t\t    <\/div>\n\t\t<\/div>\n\t[\/vc_column][vc_column width=&#8221;1\/4&#8243;][\/vc_column][\/vc_row][vc_row el_id=&#8221;menyy&#8221; css=&#8221;.vc_custom_1673864446579{margin-bottom: 0px !important;padding-bottom: 0px !important;}&#8221;][vc_column width=&#8221;1\/12&#8243;][\/vc_column][vc_column width=&#8221;10\/12&#8243;]\n\t\t<div class=\"row  mb64 mb-xs-40\">\n\t\t    <div class=\"col-sm-12 text-center\">\n\t\t        <div class=\"ribbon\">\n\t\t            <h6 class=\"uppercase mb0\">Menu<\/h6>\n\t\t        <\/div>\n\t\t    <\/div>\n\t\t<\/div>\n\t\t\n\t<div class=\"tabbed-content text-tabs\">\n\t    <ul class=\"tabs mb64 mb-xs-24\">\n\t    \t\n\t    \t\n\t\t    \t\t\t\t\t<li class=\"active\">\n\t\t\t\t\t\t            <div class=\"tab-title\">\n\t\t\t\t\t\t                <span>Snacks<\/span>\n\t\t\t\t\t\t            <\/div>\n\t\t\t\t\t\t            <div class=\"tab-content\">\n\t\t\t\t\t\t    <div id=\"menu-item-1708\" class=\"col-sm-6 p0\">\n\t<div class=\"mb40 mb-xs-24\">\n\t    <span class=\"bold block\">Baked Kolotsi white mold cheese with thyme 21\u20ac<\/span><p>bread crisps and cloudberry jam \/FOR TWO\/<\/p>\n\t<\/div>\n<\/div><div id=\"menu-item-1707\" class=\"col-sm-6 p0\">\n\t<div class=\"mb40 mb-xs-24\">\n\t    <span class=\"bold block\">Selection of Kolotsi cheeses 14\/26 \u20ac<\/span><p>buckwheat crisp and cloudberry jam \/FOR ONE AND FOR TWO\/<\/p>\n\t<\/div>\n<\/div><div id=\"menu-item-1705\" class=\"col-sm-6 p0\">\n\t<div class=\"mb40 mb-xs-24\">\n\t    <span class=\"bold block\">Fellin snack plate made out of our lighter dishes \/FOR TWO\/ 29 \u20ac<\/span>\t<\/div>\n<\/div><\/div><\/li>\n\t\t    \t\t\t\t\t<li class=\"\">\n\t\t\t\t\t\t            <div class=\"tab-title\">\n\t\t\t\t\t\t                <span>Light meals<\/span>\n\t\t\t\t\t\t            <\/div>\n\t\t\t\t\t\t            <div class=\"tab-content\">\n\t\t\t\t\t\t    <div id=\"menu-item-1997\" class=\"col-sm-6 p0\">\n\t<div class=\"mb40 mb-xs-24\">\n\t    <span class=\"bold block\">Beef carpaccio 18 \u20ac<\/span><p style=\"font-weight: 400;\">pickled onion, ash mayonnaise, \u00a0rocket and crispy bread<\/p>\n\t<\/div>\n<\/div><div id=\"menu-item-1839\" class=\"col-sm-6 p0\">\n\t<div class=\"mb40 mb-xs-24\">\n\t    <span class=\"bold block\">Fellin bread basket 6\/11 \u20ac<\/span><p style=\"font-weight: 400;\">Breads, butter and smoked salmon cream for one or for two<\/p>\n\t<\/div>\n<\/div><div id=\"menu-item-1838\" class=\"col-sm-6 p0\">\n\t<div class=\"mb40 mb-xs-24\">\n\t    <span class=\"bold block\">\u00c4ntu chicken heart salad 15 \u20ac<\/span><p style=\"font-weight: 400;\">\u00c4ntu chiken, green salad, pickled onion and plum (L, also vegetarian)<\/p>\n\t<\/div>\n<\/div><div id=\"menu-item-1772\" class=\"col-sm-6 p0\">\n\t<div class=\"mb40 mb-xs-24\">\n\t    <span class=\"bold block\">Roasted mushrooms 16 \u20ac<\/span><p style=\"font-weight: 400;\">Lion mane, shitake and oyster mushroom, lentils, garlic, tarragon and Jerusalem artichoke foam<\/p>\n\t<\/div>\n<\/div><div id=\"menu-item-1574\" class=\"col-sm-6 p0\">\n\t<div class=\"mb40 mb-xs-24\">\n\t    <span class=\"bold block\">Marinated anchovies 14 \u20ac<\/span><p style=\"font-weight: 400;\">Lemon, herbs and Fellin white bread<\/p>\n<p style=\"font-weight: 400;\">\n\t<\/div>\n<\/div><div id=\"menu-item-1770\" class=\"col-sm-6 p0\">\n\t<div class=\"mb40 mb-xs-24\">\n\t    <span class=\"bold block\">Fellin vege sandwich 12\u20ac\u00a0<\/span><div><span class=\"None\"><span lang=\"EN-US\">tomato gel, salad, marinated red onion and garlic mayonnaise pesto (L, T, V)<\/span><\/span><\/div>\n\t<\/div>\n<\/div><div id=\"menu-item-1522\" class=\"col-sm-6 p0\">\n\t<div class=\"mb40 mb-xs-24\">\n\t    <span class=\"bold block\">Fellin lamb sandwich 14 \u20ac<\/span><div><span class=\"None\"><span lang=\"EN-US\">tomato gel, salad, marinated red onion and wild garlic mayonnaise (L)<\/span><\/span><\/div>\n\t<\/div>\n<\/div><div id=\"menu-item-1521\" class=\"col-sm-6 p0\">\n\t<div class=\"mb40 mb-xs-24\">\n\t    <span class=\"bold block\">Liivimaa beef tartar 16 \u20ac<\/span><p><span class=\"None\"><span class=\"None\">capers, tomato jam, onion, egg yolk, Sriracha sauce, buckwheat crisp (G, L)<\/span><\/span><\/p>\n<p>&nbsp;<\/p>\n\t<\/div>\n<\/div><div id=\"menu-item-1670\" class=\"col-sm-6 p0\">\n\t<div class=\"mb40 mb-xs-24\">\n\t    <span class=\"bold block\">Fellin bread serving 1\u20ac<\/span><p>Fellin bread and herb butter<\/p>\n\t<\/div>\n<\/div><\/div><\/li>\n\t\t    \t\t\t\t\t<li class=\"\">\n\t\t\t\t\t\t            <div class=\"tab-title\">\n\t\t\t\t\t\t                <span>MAINS<\/span>\n\t\t\t\t\t\t            <\/div>\n\t\t\t\t\t\t            <div class=\"tab-content\">\n\t\t\t\t\t\t    <div id=\"menu-item-1998\" class=\"col-sm-6 p0\">\n\t<div class=\"mb40 mb-xs-24\">\n\t    <span class=\"bold block\">Fellin bredcrumb schnitzel 23 \u20ac<\/span><p style=\"font-weight: 400;\">Iberico pork, potato-parsley puree, root celery remoulade and anchovies butter<\/p>\n\t<\/div>\n<\/div><div id=\"menu-item-1524\" class=\"col-sm-6 p0\">\n\t<div class=\"mb40 mb-xs-24\">\n\t    <span class=\"bold block\">Borsh a&#8217;la Fellin 12 \u20ac<\/span><p>smoked pork BGE*, herbs, sour cream (L,G, T*)<\/p>\n\t<\/div>\n<\/div><div id=\"menu-item-1810\" class=\"col-sm-6 p0\">\n\t<div class=\"mb40 mb-xs-24\">\n\t    <span class=\"bold block\">Root celery &#8220;pasta&#8221; 18 \u20ac<\/span><p style=\"font-weight: 400;\">Mushroom sauce, salted hazelnuts and Grana Padano juust<\/p>\n\t<\/div>\n<\/div><div id=\"menu-item-1671\" class=\"col-sm-6 p0\">\n\t<div class=\"mb40 mb-xs-24\">\n\t    <span class=\"bold block\">\u00c4ntu chicken 23 \u20ac<\/span><p style=\"font-weight: 400;\">Root celery, green pea, fish roe and seafood sauce<\/p>\n<p style=\"font-weight: 400;\">\n\t<\/div>\n<\/div><div id=\"menu-item-1771\" class=\"col-sm-6 p0\">\n\t<div class=\"mb40 mb-xs-24\">\n\t    <span class=\"bold block\">Beef Cheek tortellini 19 \u20ac<\/span><p style=\"font-weight: 400;\">Pork demi, crispy kale and Grana Padano juust<\/p>\n\t<\/div>\n<\/div><div id=\"menu-item-1526\" class=\"col-sm-6 p0\">\n\t<div class=\"mb40 mb-xs-24\">\n\t    <span class=\"bold block\">V\u00f5rtsj\u00e4rve Pike Perch 24 \u20ac<\/span><div>\n<p style=\"font-weight: 400;\">Root celery, green pea, fish roe and seafood sauce<\/p>\n<\/div>\n<p><span class=\"None\"><span lang=\"EN-US\">\u00a0<\/span><\/span><\/p>\n\t<\/div>\n<\/div><div id=\"menu-item-1528\" class=\"col-sm-6 p0\">\n\t<div class=\"mb40 mb-xs-24\">\n\t    <span class=\"bold block\">Beef tenderloin 32 \u20ac<\/span><p style=\"font-weight: 400;\">Marinated oyster mushroom, porcini creaa and P\u00f5ltsamaa T\u00f5mmu sauce<\/p>\n\t<\/div>\n<\/div><div id=\"menu-item-1529\" class=\"col-sm-6 p0\">\n\t<div class=\"mb40 mb-xs-24\">\n\t    <span class=\"bold block\">For Kids<\/span><p>creamy pasta with parmesan or creamy pasta with chicken 5\/7 \u20ac<\/p>\n\t<\/div>\n<\/div><div id=\"menu-item-1682\" class=\"col-sm-6 p0\">\n\t<div class=\"mb40 mb-xs-24\">\n\t    <span class=\"bold block\">Fellin bread serving<\/span><p>Fellin bread and herb butter 1\u20ac<\/p>\n\t<\/div>\n<\/div><\/div><\/li>\n\t\t    \t\t\t\t\t<li class=\"\">\n\t\t\t\t\t\t            <div class=\"tab-title\">\n\t\t\t\t\t\t                <span>DESSERT<\/span>\n\t\t\t\t\t\t            <\/div>\n\t\t\t\t\t\t            <div class=\"tab-content\">\n\t\t\t\t\t\t    <div id=\"menu-item-2000\" class=\"col-sm-6 p0\">\n\t<div class=\"mb40 mb-xs-24\">\n\t    <span class=\"bold block\">Fellin bread icecream and beetroot 8 \u20ac<\/span><div><\/div>\n<div><span lang=\"EN-US\">Blackcurrant gel, marinated beetroot and chocolate-malt crumble<\/span><\/div>\n\t<\/div>\n<\/div><div id=\"menu-item-1999\" class=\"col-sm-6 p0\">\n\t<div class=\"mb40 mb-xs-24\">\n\t    <span class=\"bold block\">Fellini Snowball Soup 9 \u20ac<\/span><div><\/div>\n<div>\n<p class=\"Toit\"><span lang=\"EN-US\">Passion, crispy caramel and vanilla sauce<\/span><\/p>\n<\/div>\n\t<\/div>\n<\/div><\/div><\/li>\n\t\t    \t\t\t\t\t<li class=\"\">\n\t\t\t\t\t\t            <div class=\"tab-title\">\n\t\t\t\t\t\t                <span>DRINKS<\/span>\n\t\t\t\t\t\t            <\/div>\n\t\t\t\t\t\t            <div class=\"tab-content\">\n\t\t\t\t\t\t    <div id=\"menu-item-1538\" class=\"col-sm-6 p0\">\n\t<div class=\"mb40 mb-xs-24\">\n\t    <span class=\"bold block\">Drinks<\/span><p><a href=\"https:\/\/kohvikfellin.ee\/wp-content\/uploads\/2026\/03\/ALKOHOLIVABAD-JOOGID.pdf\">ALKOHOLIVABAD JOOGID<\/a><\/p>\n<p><a href=\"https:\/\/kohvikfellin.ee\/wp-content\/uploads\/2026\/03\/KERGE-JA-KANGE.pdf\">KERGE JA KANGE<\/a><\/p>\n<p>&nbsp;<\/p>\n<p>&nbsp;<\/p>\n\t<\/div>\n<\/div><\/div><\/li>\n\t\t    \t\t\t\t\t<li class=\"\">\n\t\t\t\t\t\t            <div class=\"tab-title\">\n\t\t\t\t\t\t                <span>WINE<\/span>\n\t\t\t\t\t\t            <\/div>\n\t\t\t\t\t\t            <div class=\"tab-content\">\n\t\t\t\t\t\t    <div id=\"menu-item-1546\" class=\"col-sm-6 p0\">\n\t<div class=\"mb40 mb-xs-24\">\n\t    <span class=\"bold block\">Wines<\/span><p><a href=\"https:\/\/kohvikfellin.ee\/wp-content\/uploads\/2026\/03\/VEINID.pdf\">VEINID<\/a><\/p>\n\t<\/div>\n<\/div><\/div><\/li>\t        \n\t    <\/ul>\n\t<\/div>\n\t\t\t\n[vc_column_text]L \u2013 lactose free<br \/>\nG \u2013 gluten free<br \/>\nT \u2013 vegetarian, contains lactose and egg<br \/>\nV \u2013 vegan<br \/>\nBGE* \u2013 made in Big Green Egg[\/vc_column_text][vc_single_image image=&#8221;910&#8243; img_size=&#8221;full&#8221;][\/vc_column][vc_column width=&#8221;1\/12&#8243;][\/vc_column][\/vc_row][vc_row el_id=&#8221;syndmused&#8221; css=&#8221;.vc_custom_1503864286642{margin-bottom: 0px !important;padding-bottom: 0px !important;}&#8221;][vc_column width=&#8221;1\/4&#8243;][\/vc_column][vc_column width=&#8221;1\/2&#8243;]\n\t\t<div class=\"row  mb64 mb-xs-40\">\n\t\t    <div class=\"col-sm-12 text-center\">\n\t\t        <div class=\"ribbon\">\n\t\t            <h6 class=\"uppercase mb0\">Events<\/h6>\n\t\t        <\/div>\n\t\t    <\/div>\n\t\t<\/div>\n\t[\/vc_column][vc_column width=&#8221;1\/4&#8243;][\/vc_column][\/vc_row][vc_row css=&#8221;.vc_custom_1504174917891{padding: 0px !important;}&#8221;][vc_column width=&#8221;1\/12&#8243;][\/vc_column][vc_column width=&#8221;5\/12&#8243; el_class=&#8221;tabbed-content text-tabs syndmused&#8221;][vc_column_text]<\/p>\n<ul class=\"tabs mb64 mb64-xs-24\">\n<li class=\"active\">\n<div class=\"tab-title\">Private room<\/div>\n<\/li>\n<\/ul>\n<p>[\/vc_column_text][vc_column_text]<\/p>\n<ul class=\"content\">\n<li class=\"active\">Fellin offers the opportunity to use a private room for business lunches and dinners, important family occasions, seminars and other events. The private room fits up to 30, and can be <a href=\"#broneeri\">booked here<\/a>.<\/li>\n<li>If arranged ahead, Fellin is happy to bring its culinary flavours to you outside of the restaurant. Alternatively, you are welcome to come and pick up your order. In addition to the full menu, you can also take away homemade bread, flavoured butter and rye crisps, as well as a selection of the best Estonian artisanal drinks and wines. If you have a celebration or an event coming up, and you\u2019d like us to provide refreshments, please write to us at <a href=\"mailto:info@kohvikfellin.ee\">info@kohvikfellin.ee<\/a>.<\/li>\n<li>Stay up to date with our musical and culinary events and newest exhibitions through our <a href=\"https:\/\/www.facebook.com\/kohvikfellin\/\" target=\"_blank\" rel=\"noopener noreferrer\">Facebook<\/a> page.<\/li>\n<\/ul>\n<p>[\/vc_column_text][\/vc_column][vc_column width=&#8221;5\/12&#8243;][vc_single_image image=&#8221;1592&#8243; img_size=&#8221;full&#8221;][\/vc_column][vc_column width=&#8221;1\/12&#8243;][\/vc_column][\/vc_row][vc_row css=&#8221;.vc_custom_1499812257149{padding-bottom: 0px !important;}&#8221; el_id=&#8221;tule&#8221;][vc_column width=&#8221;1\/4&#8243;][\/vc_column][vc_column width=&#8221;1\/2&#8243;]\n\t\t<div class=\"row  mb64 mb-xs-40\">\n\t\t    <div class=\"col-sm-12 text-center\">\n\t\t        <div class=\"ribbon\">\n\t\t            <h6 class=\"uppercase mb0\">Join Us<\/h6>\n\t\t        <\/div>\n\t\t    <\/div>\n\t\t<\/div>\n\t[vc_column_text]Fellin is always looking for great chefs and excellent waiters. If you\u2019d like to join our family, please email your CV and a brief explanation to <a href=\"mailto:info@kohvikfellin.ee\">info@kohvikfellin.ee<\/a>.[\/vc_column_text][\/vc_column][vc_column width=&#8221;1\/4&#8243;][\/vc_column][\/vc_row][vc_row css=&#8221;.vc_custom_1504178968051{padding: 0px !important;}&#8221;][vc_column width=&#8221;1\/6&#8243;][\/vc_column][vc_column width=&#8221;2\/3&#8243; css=&#8221;.vc_custom_1503865156934{margin: 0px !important;padding: 0px !important;}&#8221;][vc_single_image image=&#8221;644&#8243; img_size=&#8221;full&#8221; alignment=&#8221;center&#8221;][\/vc_column][vc_column width=&#8221;1\/6&#8243;][\/vc_column][\/vc_row][vc_row css=&#8221;.vc_custom_1499812277339{padding-bottom: 0px !important;}&#8221; el_id=&#8221;broneeri&#8221;][vc_column width=&#8221;1\/4&#8243;][\/vc_column][vc_column width=&#8221;1\/2&#8243;]\n\t\t<div class=\"row  mb64 mb-xs-40\">\n\t\t    <div class=\"col-sm-12 text-center\">\n\t\t        <div class=\"ribbon\">\n\t\t            <h6 class=\"uppercase mb0\">Book a Table<\/h6>\n\t\t        <\/div>\n\t\t    <\/div>\n\t\t<\/div>\n\t[vc_btn title=&#8221;Book a Table in TableOnline&#8221; size=&#8221;lg&#8221; align=&#8221;center&#8221; i_icon_fontawesome=&#8221;fas fa-pencil-alt&#8221; button_block=&#8221;true&#8221; add_icon=&#8221;true&#8221; link=&#8221;url:https%3A%2F%2Fv2.tableonline.fi%2Finstabook%2Fbookings%2F2MhlXUB%3Flocale%3Den|title:Book%20a%20Table%20in%20TableOnline|target:%20_blank|&#8221;][\/vc_column][vc_column width=&#8221;1\/4&#8243;][\/vc_column][\/vc_row][vc_row css=&#8221;.vc_custom_1441801932902{padding-bottom: 0px !important;}&#8221; el_id=&#8221;gallery&#8221;][vc_column]\n\t\t<div class=\"row  mb64 mb-xs-40\">\n\t\t    <div class=\"col-sm-12 text-center\">\n\t\t        <div class=\"ribbon\">\n\t\t            <h6 class=\"uppercase mb0\">@kohvik_fellin<\/h6>\n\t\t        <\/div>\n\t\t    <\/div>\n\t\t<\/div>\n\t<div class=\"instafeed grid-gallery\" data-user-name=\"kohvik_fellin\"><ul><\/ul><\/div>[\/vc_column][\/vc_row][vc_row el_id=&#8221;kontakt&#8221;][vc_column]\n\t\t<div class=\"row  mb64 mb-xs-40\">\n\t\t    <div class=\"col-sm-12 text-center\">\n\t\t        <div class=\"ribbon\">\n\t\t            <h6 class=\"uppercase mb0\">Contact<\/h6>\n\t\t        <\/div>\n\t\t    <\/div>\n\t\t<\/div>\n\t[vc_gmaps link=&#8221;#E-8_JTNDaWZyYW1lJTIwc3JjJTNEJTIyaHR0cHMlM0ElMkYlMkZ3d3cuZ29vZ2xlLmNvbSUyRm1hcHMlMkZlbWJlZCUzRnBiJTNEJTIxMW0xOCUyMTFtMTIlMjExbTMlMjExZDIwOTIuNzcyNjA2MDg4MjAxJTIxMmQyNS41OTM5MjQ0MTYxNzk0NSUyMTNkNTguMzYzNTA2MTgxMzMxNDIlMjEybTMlMjExZjAlMjEyZjAlMjEzZjAlMjEzbTIlMjExaTEwMjQlMjEyaTc2OCUyMTRmMTMuMSUyMTNtMyUyMTFtMiUyMTFzMHg0NmVjOTg5YWE3YzNmOWY1JTI1M0EweGQ0YjQ2OGEyYmY2OGJjYzMlMjEyc0tvaHZpayUyQkZlbGxpbiUyMTVlMCUyMTNtMiUyMTFzZW4lMjEyc2VlJTIxNHYxNDk5NjgwMTI5NzkxJTIyJTIwZnJhbWVib3JkZXIlM0QlMjIwJTIyJTIwc3R5bGUlM0QlMjJib3JkZXIlM0EwJTIyJTIwYWxsb3dmdWxsc2NyZWVuJTNFJTNDJTJGaWZyYW1lJTNF&#8221;]Kauba 11<br \/>\nViljandi, 71011<br \/>\nEstonia<\/p>\n<p>Telephone: +372 4359795<br \/>\n<a href=\"mailto:info@kohvikfellin.ee\">info@kohvikfellin.ee<\/a><\/p>\n<p>M-W 12.00-22.00<\/p>\n<p>Th-Sat 12.00-23.00<\/p>\n<p>Sunday 12.-20.00[\/vc_gmaps][\/vc_column][\/vc_row]<\/p>\n","protected":false},"excerpt":{"rendered":"<p>[vc_row css=&#8221;.vc_custom_1499680212633{padding-bottom: 0px !important;}&#8221; el_id=&#8221;meist&#8221;][vc_column width=&#8221;1\/4&#8243;][\/vc_column][vc_column width=&#8221;1\/2&#8243;][vc_column_text]FELLIN. is a caf\u00e9 and restaurant in the heart of Viljandi Old Town, which charms with cosy simplicity and finely wrought sophistication, and where families and couples, friends and relatives, gourmands and backpackers all feel right at home. Our kitchen offers carefully crafted tastes which combine the best local [&hellip;]<\/p>\n","protected":false},"author":1,"featured_media":0,"parent":0,"menu_order":0,"comment_status":"closed","ping_status":"closed","template":"","meta":{"footnotes":""},"class_list":["post-487","page","type-page","status-publish","hentry"],"yoast_head":"<!-- This site is optimized with the Yoast SEO plugin v27.4 - https:\/\/yoast.com\/product\/yoast-seo-wordpress\/ -->\n<title>Fellin - Kohvik Fellin<\/title>\n<meta name=\"robots\" content=\"index, follow, max-snippet:-1, max-image-preview:large, max-video-preview:-1\" \/>\n<link rel=\"canonical\" href=\"https:\/\/kohvikfellin.ee\/en\/\" \/>\n<meta property=\"og:locale\" content=\"en_US\" \/>\n<meta property=\"og:type\" content=\"article\" \/>\n<meta property=\"og:title\" content=\"Fellin - Kohvik Fellin\" \/>\n<meta property=\"og:description\" content=\"[vc_row css=&#8221;.vc_custom_1499680212633{padding-bottom: 0px !important;}&#8221; el_id=&#8221;meist&#8221;][vc_column width=&#8221;1\/4&#8243;][\/vc_column][vc_column width=&#8221;1\/2&#8243;][vc_column_text]FELLIN. is a caf\u00e9 and restaurant in the heart of Viljandi Old Town, which charms with cosy simplicity and finely wrought sophistication, and where families and couples, friends and relatives, gourmands and backpackers all feel right at home. Our kitchen offers carefully crafted tastes which combine the best local [&hellip;]\" \/>\n<meta property=\"og:url\" content=\"https:\/\/kohvikfellin.ee\/en\/\" \/>\n<meta property=\"og:site_name\" content=\"Kohvik Fellin\" \/>\n<meta property=\"article:publisher\" content=\"https:\/\/www.facebook.com\/kohvikfellin\" \/>\n<meta property=\"article:modified_time\" content=\"2024-05-31T12:13:32+00:00\" \/>\n<meta name=\"twitter:card\" content=\"summary_large_image\" \/>\n<meta name=\"twitter:label1\" content=\"Est. reading time\" \/>\n\t<meta name=\"twitter:data1\" content=\"5 minutes\" \/>\n<script type=\"application\/ld+json\" class=\"yoast-schema-graph\">{\"@context\":\"https:\\\/\\\/schema.org\",\"@graph\":[{\"@type\":\"WebPage\",\"@id\":\"https:\\\/\\\/kohvikfellin.ee\\\/en\\\/\",\"url\":\"https:\\\/\\\/kohvikfellin.ee\\\/en\\\/\",\"name\":\"Fellin - Kohvik Fellin\",\"isPartOf\":{\"@id\":\"https:\\\/\\\/kohvikfellin.ee\\\/en\\\/#website\"},\"datePublished\":\"2017-09-12T20:21:32+00:00\",\"dateModified\":\"2024-05-31T12:13:32+00:00\",\"breadcrumb\":{\"@id\":\"https:\\\/\\\/kohvikfellin.ee\\\/en\\\/#breadcrumb\"},\"inLanguage\":\"en-US\",\"potentialAction\":[{\"@type\":\"ReadAction\",\"target\":[\"https:\\\/\\\/kohvikfellin.ee\\\/en\\\/\"]}]},{\"@type\":\"BreadcrumbList\",\"@id\":\"https:\\\/\\\/kohvikfellin.ee\\\/en\\\/#breadcrumb\",\"itemListElement\":[{\"@type\":\"ListItem\",\"position\":1,\"name\":\"Home\",\"item\":\"https:\\\/\\\/kohvikfellin.ee\\\/en\\\/fellin\\\/\"},{\"@type\":\"ListItem\",\"position\":2,\"name\":\"Fellin\"}]},{\"@type\":\"WebSite\",\"@id\":\"https:\\\/\\\/kohvikfellin.ee\\\/en\\\/#website\",\"url\":\"https:\\\/\\\/kohvikfellin.ee\\\/en\\\/\",\"name\":\"Kohvik Fellin\",\"description\":\"Kohalik toit ja elav muusika\",\"publisher\":{\"@id\":\"https:\\\/\\\/kohvikfellin.ee\\\/en\\\/#organization\"},\"potentialAction\":[{\"@type\":\"SearchAction\",\"target\":{\"@type\":\"EntryPoint\",\"urlTemplate\":\"https:\\\/\\\/kohvikfellin.ee\\\/en\\\/?s={search_term_string}\"},\"query-input\":{\"@type\":\"PropertyValueSpecification\",\"valueRequired\":true,\"valueName\":\"search_term_string\"}}],\"inLanguage\":\"en-US\"},{\"@type\":\"Organization\",\"@id\":\"https:\\\/\\\/kohvikfellin.ee\\\/en\\\/#organization\",\"name\":\"Kohvik Fellin\",\"url\":\"https:\\\/\\\/kohvikfellin.ee\\\/en\\\/\",\"logo\":{\"@type\":\"ImageObject\",\"inLanguage\":\"en-US\",\"@id\":\"https:\\\/\\\/kohvikfellin.ee\\\/en\\\/#\\\/schema\\\/logo\\\/image\\\/\",\"url\":\"https:\\\/\\\/kohvikfellin.ee\\\/wp-content\\\/uploads\\\/2017\\\/07\\\/Fellin_logo_pos.png\",\"contentUrl\":\"https:\\\/\\\/kohvikfellin.ee\\\/wp-content\\\/uploads\\\/2017\\\/07\\\/Fellin_logo_pos.png\",\"width\":1368,\"height\":842,\"caption\":\"Kohvik Fellin\"},\"image\":{\"@id\":\"https:\\\/\\\/kohvikfellin.ee\\\/en\\\/#\\\/schema\\\/logo\\\/image\\\/\"},\"sameAs\":[\"https:\\\/\\\/www.facebook.com\\\/kohvikfellin\"]}]}<\/script>\n<!-- \/ Yoast SEO plugin. -->","yoast_head_json":{"title":"Fellin - Kohvik Fellin","robots":{"index":"index","follow":"follow","max-snippet":"max-snippet:-1","max-image-preview":"max-image-preview:large","max-video-preview":"max-video-preview:-1"},"canonical":"https:\/\/kohvikfellin.ee\/en\/","og_locale":"en_US","og_type":"article","og_title":"Fellin - Kohvik Fellin","og_description":"[vc_row css=&#8221;.vc_custom_1499680212633{padding-bottom: 0px !important;}&#8221; el_id=&#8221;meist&#8221;][vc_column width=&#8221;1\/4&#8243;][\/vc_column][vc_column width=&#8221;1\/2&#8243;][vc_column_text]FELLIN. is a caf\u00e9 and restaurant in the heart of Viljandi Old Town, which charms with cosy simplicity and finely wrought sophistication, and where families and couples, friends and relatives, gourmands and backpackers all feel right at home. Our kitchen offers carefully crafted tastes which combine the best local [&hellip;]","og_url":"https:\/\/kohvikfellin.ee\/en\/","og_site_name":"Kohvik Fellin","article_publisher":"https:\/\/www.facebook.com\/kohvikfellin","article_modified_time":"2024-05-31T12:13:32+00:00","twitter_card":"summary_large_image","twitter_misc":{"Est. reading time":"5 minutes"},"schema":{"@context":"https:\/\/schema.org","@graph":[{"@type":"WebPage","@id":"https:\/\/kohvikfellin.ee\/en\/","url":"https:\/\/kohvikfellin.ee\/en\/","name":"Fellin - Kohvik Fellin","isPartOf":{"@id":"https:\/\/kohvikfellin.ee\/en\/#website"},"datePublished":"2017-09-12T20:21:32+00:00","dateModified":"2024-05-31T12:13:32+00:00","breadcrumb":{"@id":"https:\/\/kohvikfellin.ee\/en\/#breadcrumb"},"inLanguage":"en-US","potentialAction":[{"@type":"ReadAction","target":["https:\/\/kohvikfellin.ee\/en\/"]}]},{"@type":"BreadcrumbList","@id":"https:\/\/kohvikfellin.ee\/en\/#breadcrumb","itemListElement":[{"@type":"ListItem","position":1,"name":"Home","item":"https:\/\/kohvikfellin.ee\/en\/fellin\/"},{"@type":"ListItem","position":2,"name":"Fellin"}]},{"@type":"WebSite","@id":"https:\/\/kohvikfellin.ee\/en\/#website","url":"https:\/\/kohvikfellin.ee\/en\/","name":"Kohvik Fellin","description":"Kohalik toit ja elav muusika","publisher":{"@id":"https:\/\/kohvikfellin.ee\/en\/#organization"},"potentialAction":[{"@type":"SearchAction","target":{"@type":"EntryPoint","urlTemplate":"https:\/\/kohvikfellin.ee\/en\/?s={search_term_string}"},"query-input":{"@type":"PropertyValueSpecification","valueRequired":true,"valueName":"search_term_string"}}],"inLanguage":"en-US"},{"@type":"Organization","@id":"https:\/\/kohvikfellin.ee\/en\/#organization","name":"Kohvik Fellin","url":"https:\/\/kohvikfellin.ee\/en\/","logo":{"@type":"ImageObject","inLanguage":"en-US","@id":"https:\/\/kohvikfellin.ee\/en\/#\/schema\/logo\/image\/","url":"https:\/\/kohvikfellin.ee\/wp-content\/uploads\/2017\/07\/Fellin_logo_pos.png","contentUrl":"https:\/\/kohvikfellin.ee\/wp-content\/uploads\/2017\/07\/Fellin_logo_pos.png","width":1368,"height":842,"caption":"Kohvik Fellin"},"image":{"@id":"https:\/\/kohvikfellin.ee\/en\/#\/schema\/logo\/image\/"},"sameAs":["https:\/\/www.facebook.com\/kohvikfellin"]}]}},"_links":{"self":[{"href":"https:\/\/kohvikfellin.ee\/en\/wp-json\/wp\/v2\/pages\/487","targetHints":{"allow":["GET"]}}],"collection":[{"href":"https:\/\/kohvikfellin.ee\/en\/wp-json\/wp\/v2\/pages"}],"about":[{"href":"https:\/\/kohvikfellin.ee\/en\/wp-json\/wp\/v2\/types\/page"}],"author":[{"embeddable":true,"href":"https:\/\/kohvikfellin.ee\/en\/wp-json\/wp\/v2\/users\/1"}],"replies":[{"embeddable":true,"href":"https:\/\/kohvikfellin.ee\/en\/wp-json\/wp\/v2\/comments?post=487"}],"version-history":[{"count":35,"href":"https:\/\/kohvikfellin.ee\/en\/wp-json\/wp\/v2\/pages\/487\/revisions"}],"predecessor-version":[{"id":881,"href":"https:\/\/kohvikfellin.ee\/en\/wp-json\/wp\/v2\/pages\/487\/revisions\/881"}],"wp:attachment":[{"href":"https:\/\/kohvikfellin.ee\/en\/wp-json\/wp\/v2\/media?parent=487"}],"curies":[{"name":"wp","href":"https:\/\/api.w.org\/{rel}","templated":true}]}}